{"id":828,"date":"2025-11-18T11:34:34","date_gmt":"2025-11-18T10:34:34","guid":{"rendered":"https:\/\/formation.acpi.tech\/wp\/?page_id=828"},"modified":"2025-11-18T11:52:25","modified_gmt":"2025-11-18T10:52:25","slug":"soplanning","status":"publish","type":"page","link":"https:\/\/formation.acpi.tech\/wp\/soplanning\/","title":{"rendered":"X_soplanning"},"content":{"rendered":"\n<p><\/p>\n\n\n\n<figure class=\"wp-block-image size-full\"><img loading=\"lazy\" decoding=\"async\" width=\"300\" height=\"90\" src=\"https:\/\/formation.acpi.tech\/wp\/wp-content\/uploads\/2025\/11\/logo-soplanning.png\" alt=\"\" class=\"wp-image-832\"\/><\/figure>\n\n\n\n<h4 class=\"wp-block-heading\">Guide d&rsquo;utilisation ACPI<\/h4>\n\n\n\n<p>Pour d\u00e9placer la fen\u00eatre de visualisation de gauche \u00e0 droite :&nbsp;<\/p>\n\n\n\n<p><\/p>\n\n\n\n<figure class=\"wp-block-image size-full is-resized myzeroargtopbot\"><img loading=\"lazy\" decoding=\"async\" width=\"54\" height=\"47\" src=\"https:\/\/formation.acpi.tech\/wp\/wp-content\/uploads\/2025\/11\/image.png\" alt=\"\" class=\"wp-image-829\" style=\"width:52px;height:auto\"\/><\/figure>\n\n\n\n<p class=\"myzeroargtopbot\">&nbsp;+ La molette de la souris<\/p>\n\n\n\n<p><\/p>\n\n\n\n<p>Pour filtrer les diff\u00e9rentes DT : \u00ab\u00a0<strong>Filtres avanc\u00e9s<\/strong>\u00ab\u00a0<\/p>\n\n\n\n<figure class=\"wp-block-image size-full\"><img loading=\"lazy\" decoding=\"async\" width=\"642\" height=\"328\" src=\"https:\/\/formation.acpi.tech\/wp\/wp-content\/uploads\/2025\/11\/image-1.png\" alt=\"\" class=\"wp-image-830\" srcset=\"https:\/\/formation.acpi.tech\/wp\/wp-content\/uploads\/2025\/11\/image-1.png 642w, https:\/\/formation.acpi.tech\/wp\/wp-content\/uploads\/2025\/11\/image-1-300x153.png 300w\" sizes=\"auto, (max-width: 642px) 100vw, 642px\" \/><\/figure>\n\n\n\n<p><strong>Explications sur les titres des t\u00e2ches + statuts (on voit le statut en laissant la souris sur t\u00e2che) :&nbsp;<\/strong><\/p>\n\n\n\n<figure class=\"wp-block-image size-full myzeroargtopbot\"><img loading=\"lazy\" decoding=\"async\" width=\"37\" height=\"21\" src=\"https:\/\/formation.acpi.tech\/wp\/wp-content\/uploads\/2025\/11\/image-4.png\" alt=\"\" class=\"wp-image-839\"\/><\/figure>\n\n\n\n<p class=\"myzeroargtopbot\">Si le titre est pr\u00e9c\u00e9d\u00e9 d&rsquo;un\u00a0<strong>#<\/strong>\u00a0+ statut \u00ab\u00a0<strong>Abandonn\u00e9e<\/strong>\u00a0\u00bb : La t\u00e2che est annul\u00e9e (pas assez d&rsquo;inscrits). Le titre est en italique<\/p>\n\n\n\n<p><\/p>\n\n\n\n<figure class=\"wp-block-image size-full myzeroargtopbot\"><img loading=\"lazy\" decoding=\"async\" width=\"43\" height=\"23\" src=\"https:\/\/formation.acpi.tech\/wp\/wp-content\/uploads\/2025\/11\/image-5.png\" alt=\"\" class=\"wp-image-846\"\/><\/figure>\n\n\n\n<p class=\"myzeroargtopbot\">Si le titre est pr\u00e9c\u00e9d\u00e9 d&rsquo;un\u00a0<strong>$<\/strong>\u00a0+ statut \u00ab\u00a0<strong>A faire<\/strong>\u00a0\u00bb : La t\u00e2che va probablement se r\u00e9aliser (nombre d&rsquo;inscrits significatif).<\/p>\n\n\n\n<p><\/p>\n\n\n\n<figure class=\"wp-block-image size-full myzeroargtopbot\"><img loading=\"lazy\" decoding=\"async\" width=\"45\" height=\"23\" src=\"https:\/\/formation.acpi.tech\/wp\/wp-content\/uploads\/2025\/11\/image-6.png\" alt=\"\" class=\"wp-image-847\"\/><\/figure>\n\n\n\n<p class=\"myzeroargtopbot\">Si le titre est pr\u00e9c\u00e9d\u00e9 d&rsquo;un\u00a0<strong>$<\/strong>\u00a0+ statut \u00ab\u00a0<strong>En cours<\/strong>\u00a0\u00bb : Nous avons la commande pour cette mission. La t\u00e2che est en gras et soulign\u00e9e<\/p>\n\n\n\n<p><\/p>\n\n\n\n<figure class=\"wp-block-image size-full myzeroargtopbot\"><img loading=\"lazy\" decoding=\"async\" width=\"39\" height=\"21\" src=\"https:\/\/formation.acpi.tech\/wp\/wp-content\/uploads\/2025\/11\/image-7.png\" alt=\"\" class=\"wp-image-848\"\/><\/figure>\n\n\n\n<p class=\"myzeroargtopbot\">Si le titre est pr\u00e9c\u00e9d\u00e9 d&rsquo;un\u00a0<strong>$<\/strong>\u00a0+ statut \u00ab\u00a0<strong>Fait \/ Termin\u00e9<\/strong>\u00a0\u00bb : La mission est r\u00e9alis\u00e9e. La t\u00e2che est ray\u00e9e :\u00a0<\/p>\n\n\n\n<p><\/p>\n","protected":false},"excerpt":{"rendered":"<p>Guide d&rsquo;utilisation ACPI Pour d\u00e9placer la fen\u00eatre de visualisation de gauche \u00e0 droite :&nbsp; &nbsp;+ La molette de la souris Pour filtrer les diff\u00e9rentes DT : \u00ab\u00a0Filtres avanc\u00e9s\u00ab\u00a0 Explications sur les titres des t\u00e2ches + statuts (on voit le statut en laissant la souris sur t\u00e2che) :&nbsp; Si le titre est pr\u00e9c\u00e9d\u00e9 d&rsquo;un\u00a0#\u00a0+ statut \u00ab\u00a0Abandonn\u00e9e\u00a0\u00bb [&hellip;]<\/p>\n","protected":false},"author":1,"featured_media":0,"parent":0,"menu_order":0,"comment_status":"closed","ping_status":"closed","template":"","meta":{"footnotes":""},"class_list":["post-828","page","type-page","status-publish","hentry"],"_links":{"self":[{"href":"https:\/\/formation.acpi.tech\/wp\/wp-json\/wp\/v2\/pages\/828","targetHints":{"allow":["GET"]}}],"collection":[{"href":"https:\/\/formation.acpi.tech\/wp\/wp-json\/wp\/v2\/pages"}],"about":[{"href":"https:\/\/formation.acpi.tech\/wp\/wp-json\/wp\/v2\/types\/page"}],"author":[{"embeddable":true,"href":"https:\/\/formation.acpi.tech\/wp\/wp-json\/wp\/v2\/users\/1"}],"replies":[{"embeddable":true,"href":"https:\/\/formation.acpi.tech\/wp\/wp-json\/wp\/v2\/comments?post=828"}],"version-history":[{"count":16,"href":"https:\/\/formation.acpi.tech\/wp\/wp-json\/wp\/v2\/pages\/828\/revisions"}],"predecessor-version":[{"id":853,"href":"https:\/\/formation.acpi.tech\/wp\/wp-json\/wp\/v2\/pages\/828\/revisions\/853"}],"wp:attachment":[{"href":"https:\/\/formation.acpi.tech\/wp\/wp-json\/wp\/v2\/media?parent=828"}],"curies":[{"name":"wp","href":"https:\/\/api.w.org\/{rel}","templated":true}]}}