{"id":201,"date":"2025-04-15T12:11:17","date_gmt":"2025-04-15T10:11:17","guid":{"rendered":"https:\/\/formation.acpi.tech\/wp\/?page_id=201"},"modified":"2026-01-27T09:43:13","modified_gmt":"2026-01-27T08:43:13","slug":"hhelecrcl","status":"publish","type":"page","link":"https:\/\/formation.acpi.tech\/wp\/hhelecrcl\/","title":{"rendered":"Fiche catalogue : hhelecrcl"},"content":{"rendered":"\n<div class=\"myc_ficom\">\n\n\n\n<figure class=\"wp-block-image size-large myc_bando\"><img loading=\"lazy\" decoding=\"async\" width=\"1024\" height=\"171\" src=\"https:\/\/formation.acpi.tech\/wp\/wp-content\/uploads\/2025\/04\/bando_elec3-1024x171.jpg\" alt=\"acpi_bando_habilitation_electrique\" class=\"wp-image-178\" style=\"object-fit:cover\" srcset=\"https:\/\/formation.acpi.tech\/wp\/wp-content\/uploads\/2025\/04\/bando_elec3-1024x171.jpg 1024w, https:\/\/formation.acpi.tech\/wp\/wp-content\/uploads\/2025\/04\/bando_elec3-300x50.jpg 300w, https:\/\/formation.acpi.tech\/wp\/wp-content\/uploads\/2025\/04\/bando_elec3-768x128.jpg 768w, https:\/\/formation.acpi.tech\/wp\/wp-content\/uploads\/2025\/04\/bando_elec3-1536x256.jpg 1536w, https:\/\/formation.acpi.tech\/wp\/wp-content\/uploads\/2025\/04\/bando_elec3-2048x341.jpg 2048w\" sizes=\"auto, (max-width: 1024px) 100vw, 1024px\" \/><\/figure>\n\n\n\n<a class=\"myc_plink\" href=\"javascript:history.back()\"><-- retour<\/a>\n\n\n\n<h3 class=\"wp-block-heading\">PR\u00c9PARATION A L\u2019HABILITATION \u00c9LECTRIQUE<br>RECYCLAGE : Titres B1V \/ B2V \/ BC \/ BR \/ H0V (BE ESSAIS \u2013 BE MESURAGE \u2013 BE V\u00c9RIFICATION)&nbsp;<\/h3>\n\n\n\n<h4 class=\"wp-block-heading\">ref : form-h-helec-rcl<\/h4>\n\n\n\n<div class=\"my_contain\"><div class=\"my_colum\">\n\n\n\n<h3 class=\"wp-block-heading\"><strong>Titres concern\u00e9s<\/strong><\/h3>\n\n\n\n<p>B1V \/ B2V \/ BC \/ BR \/ H0V \/ HC \/ H2V \/ BE Essai \/ BE Mesurage&nbsp; \/ BE V\u00e9rification<\/p>\n\n\n\n<h3 class=\"wp-block-heading\">Programme<\/h3>\n\n\n\n<ul class=\"wp-block-list\">\n<li>Partie th\u00e9orique (adapt\u00e9e au public pr\u00e9sent)\n<ul class=\"wp-block-list\">\n<li>01 \u2013 L\u2019habilitation \u00e9lectrique (dispositif r\u00e9glementaire)<\/li>\n\n\n\n<li>02 \u2013 L\u2019\u00e9lectricit\u00e9, un monde dangereux (notion de base, les effets du courant \u00e9lectrique, les accidents, les \u00e9quipements\u2026)<\/li>\n\n\n\n<li>03 \u2013 Les zones d\u2019environnement et Les diff\u00e9rents acteurs<\/li>\n\n\n\n<li>04 \u2013 Activit\u00e9s&nbsp;<\/li>\n\n\n\n<li>05 \u2013 La zone de travail (signalisation, surveillance, instruction, \u2026)<\/li>\n\n\n\n<li>06 \u2013 Outillage et \u00e9quipements de protection<\/li>\n\n\n\n<li>07 \u2013 L\u2019accidentologie \u2026<\/li>\n<\/ul>\n<\/li>\n\n\n\n<li>Partie de mise en situation pratique en fonction des titres vis\u00e9s\n<ul class=\"wp-block-list\">\n<li>08 \u2013 Mise en situation pratique&nbsp;<\/li>\n<\/ul>\n<\/li>\n\n\n\n<li>Validation du parcours\n<ul class=\"wp-block-list\">\n<li>09 \u2013 Questionnaire de connaissances (QCM) et analyse des r\u00e9sultats<\/li>\n<\/ul>\n<\/li>\n<\/ul>\n\n\n\n<h3 class=\"wp-block-heading\">Objectifs p\u00e9dagogiques<\/h3>\n\n\n\n<p><em>Savoir ex\u00e9cuter en s\u00e9curit\u00e9 des travaux d\u2019ordre \u00e9lectrique, des consignations \u00e9lectriques et des interventions g\u00e9n\u00e9rales dans un environnement pr\u00e9sentant des risques \u00e9lectriques selon la norme NF C 18-510<\/em><\/p>\n\n\n\n<\/div><div class=\"my_colum\">\n\n\n\n<h3 class=\"wp-block-heading\">M\u00e9thodes d\u2019\u00e9valuation<\/h3>\n\n\n\n<ul class=\"wp-block-list\">\n<li>M\u00e9thodes : Expositive, participative et exercices en commun<\/li>\n\n\n\n<li>\u00c9valuation : QCM, TP<\/li>\n<\/ul>\n\n\n\n<figure class=\"wp-block-image size-medium\"><img loading=\"lazy\" decoding=\"async\" width=\"300\" height=\"175\" src=\"https:\/\/formation.acpi.tech\/wp\/wp-content\/uploads\/2025\/04\/elec_1-300x175.png\" alt=\"acpi_formation_electricite\" class=\"wp-image-153\" srcset=\"https:\/\/formation.acpi.tech\/wp\/wp-content\/uploads\/2025\/04\/elec_1-300x175.png 300w, https:\/\/formation.acpi.tech\/wp\/wp-content\/uploads\/2025\/04\/elec_1.png 364w\" sizes=\"auto, (max-width: 300px) 100vw, 300px\" \/><\/figure>\n\n\n\n<h3 class=\"wp-block-heading\">Points cl\u00e9s<\/h3>\n\n\n\n<ul class=\"wp-block-list\">\n<li>Pr\u00e9requis : Avoir des connaissances g\u00e9n\u00e9rales en \u00e9lectricit\u00e9. Habilitation de moins de 3 ans<\/li>\n\n\n\n<li>Test de positionnement : Comprendre le fran\u00e7ais et connaissances basiques en \u00e9lectricit\u00e9<\/li>\n\n\n\n<li>Dur\u00e9e : 1,5 jours \/ 10,5h<\/li>\n\n\n\n<li>Mode : Pr\u00e9sentiel<\/li>\n\n\n\n<li><em>Les + : vos cours et parcours sur notre LMS + livret de formation<\/em><\/li>\n\n\n\n<li>Financement : OPCO possible<\/li>\n\n\n\n<li><strong>Tarif : INTER-entreprise : \u00e0 partir de 490\u20ac par personne<\/strong><\/li>\n\n\n\n<li><strong>Tarif : INTRA-entreprise : non consulter<\/strong><\/li>\n\n\n\n<li><em>Tarif et dur\u00e9e sur demande pour un titre seul<\/em><\/li>\n<\/ul>\n\n\n\n<\/div><\/div>\n\n\n\n<div class=\"myc_ficom\"><h3>Date(s) Planifi\u00e9e(s)<\/h3><\/div>\n\n\n\n<div class=\"r34ics-ajax-container loading\" id=\"r69fb3b4d9d35055\" data-view=\"basic\" data-view-is-list-style=\"1\" data-view-is-list-long=\"1\" data-args=\"b10a694c3b58d0bed6777ae5319fd4bffaa41ffc\" data-js-args=\"{&quot;debug&quot;:null}\">&nbsp;<\/div>\n\n\n\n<a class=\"myc_plink\" href=\"javascript:history.back()\"><-- retour<\/a>\n\n\n\n<\/div>\n","protected":false},"excerpt":{"rendered":"","protected":false},"author":1,"featured_media":0,"parent":0,"menu_order":0,"comment_status":"closed","ping_status":"closed","template":"","meta":{"footnotes":""},"class_list":["post-201","page","type-page","status-publish","hentry"],"_links":{"self":[{"href":"https:\/\/formation.acpi.tech\/wp\/wp-json\/wp\/v2\/pages\/201","targetHints":{"allow":["GET"]}}],"collection":[{"href":"https:\/\/formation.acpi.tech\/wp\/wp-json\/wp\/v2\/pages"}],"about":[{"href":"https:\/\/formation.acpi.tech\/wp\/wp-json\/wp\/v2\/types\/page"}],"author":[{"embeddable":true,"href":"https:\/\/formation.acpi.tech\/wp\/wp-json\/wp\/v2\/users\/1"}],"replies":[{"embeddable":true,"href":"https:\/\/formation.acpi.tech\/wp\/wp-json\/wp\/v2\/comments?post=201"}],"version-history":[{"count":29,"href":"https:\/\/formation.acpi.tech\/wp\/wp-json\/wp\/v2\/pages\/201\/revisions"}],"predecessor-version":[{"id":1195,"href":"https:\/\/formation.acpi.tech\/wp\/wp-json\/wp\/v2\/pages\/201\/revisions\/1195"}],"wp:attachment":[{"href":"https:\/\/formation.acpi.tech\/wp\/wp-json\/wp\/v2\/media?parent=201"}],"curies":[{"name":"wp","href":"https:\/\/api.w.org\/{rel}","templated":true}]}}